{"id":195,"date":"2022-04-25T07:38:00","date_gmt":"2022-04-25T05:38:00","guid":{"rendered":"https:\/\/horyzontywyobrazni.pl\/blog\/?page_id=195"},"modified":"2023-05-10T12:20:33","modified_gmt":"2023-05-10T10:20:33","slug":"jakich-rodzin-szukamy","status":"publish","type":"page","link":"http:\/\/horyzontywyobrazni.pl\/index.php\/rekrutacja\/jakich-rodzin-szukamy\/","title":{"rendered":"Jakich rodzin szukamy?"},"content":{"rendered":"\n<p id=\"block-a565a1ae-c132-4bc5-9cd6-628c50e15cd3\">Skupiamy rodziny, <mark style=\"background-color:#ffffff\" class=\"has-inline-color\">dla kt\u00f3rych rozw\u00f3j dziecka, w poszanowaniu jego prawa do niezale\u017cno\u015bci i\u00a0wolno\u015bci do podejmowania decyzji, jest wa\u017cny. Pragniemy tworzy\u0107 miejsce dla ludzi o podobnym systemie warto\u015bci, by wzajemna wsp\u00f3\u0142praca by\u0142a przyjemna, przynosi\u0142a wszystkim satysfakcj\u0119 i dobre owoce. Chcemy, by nasze przedszkole oraz domek by\u0142y miejscami <\/mark>wspieraj\u0105cymi si\u0119 wzajemnie w opiece nad dzieckiem i wspomaganiu go w znalezieniu w\u0142asnej drogi \u017cyciowej.<br><br><\/p>\n\n\n\n<div class=\"wp-block-media-text alignwide is-stacked-on-mobile\"><figure class=\"wp-block-media-text__media\"><img loading=\"lazy\" decoding=\"async\" width=\"786\" height=\"900\" src=\"http:\/\/horyzontywyobrazni.pl\/blog\/wp-content\/uploads\/2022\/04\/B1789ED7-B821-4758-A200-78A469D6052C.jpeg\" alt=\"\" class=\"wp-image-268 size-full\" srcset=\"http:\/\/horyzontywyobrazni.pl\/wp-content\/uploads\/2022\/04\/B1789ED7-B821-4758-A200-78A469D6052C.jpeg 786w, http:\/\/horyzontywyobrazni.pl\/wp-content\/uploads\/2022\/04\/B1789ED7-B821-4758-A200-78A469D6052C-262x300.jpeg 262w, http:\/\/horyzontywyobrazni.pl\/wp-content\/uploads\/2022\/04\/B1789ED7-B821-4758-A200-78A469D6052C-768x879.jpeg 768w\" sizes=\"auto, (max-width: 786px) 100vw, 786px\" \/><\/figure><div class=\"wp-block-media-text__content\">\n<blockquote class=\"wp-block-quote is-layout-flow wp-block-quote-is-layout-flow\"><p><mark style=\"background-color:#ffffff\" class=\"has-inline-color\">\u201e<em>Nie oczekuj, \u017ce Twoje dziecko b\u0119dzie takie, jakim Ty chcesz, \u017ceby by\u0142o. Pom\u00f3\u017c mu sta\u0107 si\u0119 sob\u0105, a nie Tob\u0105.<\/em>\u201e<\/mark><\/p><cite>J. KORCZAK<\/cite><\/blockquote>\n<\/div><\/div>\n","protected":false},"excerpt":{"rendered":"<p>Skupiamy rodziny, dla kt\u00f3rych rozw\u00f3j dziecka, w poszanowaniu jego prawa do niezale\u017cno\u015bci i\u00a0wolno\u015bci do podejmowania decyzji, jest wa\u017cny. Pragniemy tworzy\u0107 miejsce dla ludzi o podobnym systemie warto\u015bci, by wzajemna wsp\u00f3\u0142praca by\u0142a przyjemna, przynosi\u0142a wszystkim satysfakcj\u0119 i dobre owoce. Chcemy, by nasze przedszkole oraz domek by\u0142y miejscami wspieraj\u0105cymi si\u0119 wzajemnie w opiece nad dzieckiem i wspomaganiu [&hellip;]<\/p>\n","protected":false},"author":2,"featured_media":0,"parent":80,"menu_order":3,"comment_status":"closed","ping_status":"closed","template":"","meta":{"footnotes":""},"class_list":["post-195","page","type-page","status-publish","hentry"],"_links":{"self":[{"href":"http:\/\/horyzontywyobrazni.pl\/index.php\/wp-json\/wp\/v2\/pages\/195","targetHints":{"allow":["GET"]}}],"collection":[{"href":"http:\/\/horyzontywyobrazni.pl\/index.php\/wp-json\/wp\/v2\/pages"}],"about":[{"href":"http:\/\/horyzontywyobrazni.pl\/index.php\/wp-json\/wp\/v2\/types\/page"}],"author":[{"embeddable":true,"href":"http:\/\/horyzontywyobrazni.pl\/index.php\/wp-json\/wp\/v2\/users\/2"}],"replies":[{"embeddable":true,"href":"http:\/\/horyzontywyobrazni.pl\/index.php\/wp-json\/wp\/v2\/comments?post=195"}],"version-history":[{"count":5,"href":"http:\/\/horyzontywyobrazni.pl\/index.php\/wp-json\/wp\/v2\/pages\/195\/revisions"}],"predecessor-version":[{"id":730,"href":"http:\/\/horyzontywyobrazni.pl\/index.php\/wp-json\/wp\/v2\/pages\/195\/revisions\/730"}],"up":[{"embeddable":true,"href":"http:\/\/horyzontywyobrazni.pl\/index.php\/wp-json\/wp\/v2\/pages\/80"}],"wp:attachment":[{"href":"http:\/\/horyzontywyobrazni.pl\/index.php\/wp-json\/wp\/v2\/media?parent=195"}],"curies":[{"name":"wp","href":"https:\/\/api.w.org\/{rel}","templated":true}]}}