{"id":31,"date":"2022-04-15T11:57:22","date_gmt":"2022-04-15T11:57:22","guid":{"rendered":"https:\/\/horyzontywyobrazni.pl\/blog\/?page_id=31"},"modified":"2025-03-11T10:05:56","modified_gmt":"2025-03-11T09:05:56","slug":"warsztaty-i-szkolenia","status":"publish","type":"page","link":"http:\/\/horyzontywyobrazni.pl\/index.php\/wydarzenia\/warsztaty-i-szkolenia\/","title":{"rendered":"Warsztaty i szkolenia"},"content":{"rendered":"\n<p>Wszystkie aktualnie zaplanowane wydarzenia znajdziecie na naszych stronach na <a href=\"https:\/\/www.facebook.com\/domekHW\" target=\"_blank\" rel=\"noreferrer noopener\">Facebooku<\/a>. Aby by\u0107 na bie\u017c\u0105co zapraszamy r\u00f3wnie\u017c do zapisania si\u0119 do naszej listy mailingowej &#8211; napisz do nas na <a href=\"mailto:info@horyzontywyobrazni.pl\">info@horyzontywyobrazni.pl<\/a> .<\/p>\n\n\n\n<p class=\"has-text-align-center\"><strong><em>Rok 2025<\/em><\/strong><\/p>\n\n\n\n<figure class=\"wp-block-image size-large\"><img loading=\"lazy\" decoding=\"async\" width=\"1024\" height=\"1024\" src=\"https:\/\/horyzontywyobrazni.pl\/wp-content\/uploads\/2025\/03\/481825265_1193826729415992_2322925125579953425_n-1024x1024.jpg\" alt=\"\" class=\"wp-image-832\" srcset=\"http:\/\/horyzontywyobrazni.pl\/wp-content\/uploads\/2025\/03\/481825265_1193826729415992_2322925125579953425_n-1024x1024.jpg 1024w, http:\/\/horyzontywyobrazni.pl\/wp-content\/uploads\/2025\/03\/481825265_1193826729415992_2322925125579953425_n-300x300.jpg 300w, http:\/\/horyzontywyobrazni.pl\/wp-content\/uploads\/2025\/03\/481825265_1193826729415992_2322925125579953425_n-150x150.jpg 150w, http:\/\/horyzontywyobrazni.pl\/wp-content\/uploads\/2025\/03\/481825265_1193826729415992_2322925125579953425_n-768x768.jpg 768w, http:\/\/horyzontywyobrazni.pl\/wp-content\/uploads\/2025\/03\/481825265_1193826729415992_2322925125579953425_n.jpg 1080w\" sizes=\"auto, (max-width: 1024px) 100vw, 1024px\" \/><\/figure>\n\n\n\n<p class=\"has-text-align-center\"><strong><em>Rok 2024<\/em><\/strong><\/p>\n\n\n\n<figure class=\"wp-block-image size-large\"><img loading=\"lazy\" decoding=\"async\" width=\"1024\" height=\"536\" src=\"https:\/\/horyzontywyobrazni.pl\/wp-content\/uploads\/2025\/03\/417543099_899497218639886_1228951440267971672_n-1024x536.jpg\" alt=\"\" class=\"wp-image-831\" srcset=\"http:\/\/horyzontywyobrazni.pl\/wp-content\/uploads\/2025\/03\/417543099_899497218639886_1228951440267971672_n-1024x536.jpg 1024w, http:\/\/horyzontywyobrazni.pl\/wp-content\/uploads\/2025\/03\/417543099_899497218639886_1228951440267971672_n-300x157.jpg 300w, http:\/\/horyzontywyobrazni.pl\/wp-content\/uploads\/2025\/03\/417543099_899497218639886_1228951440267971672_n-768x402.jpg 768w, http:\/\/horyzontywyobrazni.pl\/wp-content\/uploads\/2025\/03\/417543099_899497218639886_1228951440267971672_n.jpg 1200w\" sizes=\"auto, (max-width: 1024px) 100vw, 1024px\" \/><\/figure>\n\n\n\n<p class=\"has-text-align-center\"><strong><em>Rok 20<\/em>22<\/strong><\/p>\n\n\n\n<div class=\"wp-block-columns is-layout-flex wp-container-core-columns-is-layout-28f84493 wp-block-columns-is-layout-flex\">\n<div class=\"wp-block-column is-layout-flow wp-block-column-is-layout-flow\">\n<figure class=\"wp-block-image size-large is-style-default\"><img loading=\"lazy\" decoding=\"async\" width=\"791\" height=\"1024\" src=\"https:\/\/horyzontywyobrazni.pl\/wp-content\/uploads\/2022\/10\/309708103_513842184081120_1205817393053948012_n-1-791x1024.jpg\" alt=\"\" class=\"wp-image-767\" srcset=\"http:\/\/horyzontywyobrazni.pl\/wp-content\/uploads\/2022\/10\/309708103_513842184081120_1205817393053948012_n-1-791x1024.jpg 791w, http:\/\/horyzontywyobrazni.pl\/wp-content\/uploads\/2022\/10\/309708103_513842184081120_1205817393053948012_n-1-232x300.jpg 232w, http:\/\/horyzontywyobrazni.pl\/wp-content\/uploads\/2022\/10\/309708103_513842184081120_1205817393053948012_n-1-768x994.jpg 768w, http:\/\/horyzontywyobrazni.pl\/wp-content\/uploads\/2022\/10\/309708103_513842184081120_1205817393053948012_n-1.jpg 1170w\" sizes=\"auto, (max-width: 791px) 100vw, 791px\" \/><\/figure>\n<\/div>\n<\/div>\n\n\n\n<p>Marzec<\/p>\n\n\n\n<figure class=\"wp-block-image size-large\"><img loading=\"lazy\" decoding=\"async\" width=\"1022\" height=\"1024\" src=\"https:\/\/horyzontywyobrazni.pl\/blog\/wp-content\/uploads\/2022\/04\/wartsz2-1022x1024.jpeg\" alt=\"\" class=\"wp-image-314\" srcset=\"http:\/\/horyzontywyobrazni.pl\/wp-content\/uploads\/2022\/04\/wartsz2-1022x1024.jpeg 1022w, http:\/\/horyzontywyobrazni.pl\/wp-content\/uploads\/2022\/04\/wartsz2-300x300.jpeg 300w, http:\/\/horyzontywyobrazni.pl\/wp-content\/uploads\/2022\/04\/wartsz2-150x150.jpeg 150w, http:\/\/horyzontywyobrazni.pl\/wp-content\/uploads\/2022\/04\/wartsz2-768x769.jpeg 768w, http:\/\/horyzontywyobrazni.pl\/wp-content\/uploads\/2022\/04\/wartsz2.jpeg 1222w\" sizes=\"auto, (max-width: 1022px) 100vw, 1022px\" \/><\/figure>\n\n\n\n<p class=\"has-text-align-center\"><strong><em>Rok 2021 <\/em><\/strong><\/p>\n\n\n\n<p>Grudzie\u0144<\/p>\n\n\n\n<figure class=\"wp-block-image size-large\"><img loading=\"lazy\" decoding=\"async\" width=\"724\" height=\"1024\" src=\"https:\/\/horyzontywyobrazni.pl\/blog\/wp-content\/uploads\/2022\/04\/252742208_312456077051484_2212573140197490751_n-724x1024.png\" alt=\"\" class=\"wp-image-410\" srcset=\"http:\/\/horyzontywyobrazni.pl\/wp-content\/uploads\/2022\/04\/252742208_312456077051484_2212573140197490751_n-724x1024.png 724w, http:\/\/horyzontywyobrazni.pl\/wp-content\/uploads\/2022\/04\/252742208_312456077051484_2212573140197490751_n-212x300.png 212w, http:\/\/horyzontywyobrazni.pl\/wp-content\/uploads\/2022\/04\/252742208_312456077051484_2212573140197490751_n-768x1086.png 768w, http:\/\/horyzontywyobrazni.pl\/wp-content\/uploads\/2022\/04\/252742208_312456077051484_2212573140197490751_n-1086x1536.png 1086w, http:\/\/horyzontywyobrazni.pl\/wp-content\/uploads\/2022\/04\/252742208_312456077051484_2212573140197490751_n-1448x2048.png 1448w, http:\/\/horyzontywyobrazni.pl\/wp-content\/uploads\/2022\/04\/252742208_312456077051484_2212573140197490751_n.png 1587w\" sizes=\"auto, (max-width: 724px) 100vw, 724px\" \/><\/figure>\n","protected":false},"excerpt":{"rendered":"<p>Wszystkie aktualnie zaplanowane wydarzenia znajdziecie na naszych stronach na Facebooku. Aby by\u0107 na bie\u017c\u0105co zapraszamy r\u00f3wnie\u017c do zapisania si\u0119 do naszej listy mailingowej &#8211; napisz do nas na info@horyzontywyobrazni.pl . Rok 2025 Rok 2024 Rok 2022 Marzec Rok 2021 Grudzie\u0144<\/p>\n","protected":false},"author":2,"featured_media":0,"parent":47,"menu_order":1,"comment_status":"closed","ping_status":"closed","template":"","meta":{"footnotes":""},"class_list":["post-31","page","type-page","status-publish","hentry"],"_links":{"self":[{"href":"http:\/\/horyzontywyobrazni.pl\/index.php\/wp-json\/wp\/v2\/pages\/31","targetHints":{"allow":["GET"]}}],"collection":[{"href":"http:\/\/horyzontywyobrazni.pl\/index.php\/wp-json\/wp\/v2\/pages"}],"about":[{"href":"http:\/\/horyzontywyobrazni.pl\/index.php\/wp-json\/wp\/v2\/types\/page"}],"author":[{"embeddable":true,"href":"http:\/\/horyzontywyobrazni.pl\/index.php\/wp-json\/wp\/v2\/users\/2"}],"replies":[{"embeddable":true,"href":"http:\/\/horyzontywyobrazni.pl\/index.php\/wp-json\/wp\/v2\/comments?post=31"}],"version-history":[{"count":20,"href":"http:\/\/horyzontywyobrazni.pl\/index.php\/wp-json\/wp\/v2\/pages\/31\/revisions"}],"predecessor-version":[{"id":833,"href":"http:\/\/horyzontywyobrazni.pl\/index.php\/wp-json\/wp\/v2\/pages\/31\/revisions\/833"}],"up":[{"embeddable":true,"href":"http:\/\/horyzontywyobrazni.pl\/index.php\/wp-json\/wp\/v2\/pages\/47"}],"wp:attachment":[{"href":"http:\/\/horyzontywyobrazni.pl\/index.php\/wp-json\/wp\/v2\/media?parent=31"}],"curies":[{"name":"wp","href":"https:\/\/api.w.org\/{rel}","templated":true}]}}