{"id":82,"date":"2022-04-20T10:28:26","date_gmt":"2022-04-20T08:28:26","guid":{"rendered":"https:\/\/horyzontywyobrazni.pl\/blog\/?page_id=82"},"modified":"2022-05-10T14:10:27","modified_gmt":"2022-05-10T12:10:27","slug":"ed-onas","status":"publish","type":"page","link":"http:\/\/horyzontywyobrazni.pl\/index.php\/edukacja-domowa\/ed-onas\/","title":{"rendered":"O nas"},"content":{"rendered":"\n<p><strong>Edukacja domowa w klasach I-III<\/strong><\/p>\n\n\n\n<p class=\"has-tertiary-background-color has-background\">Skoro tu jeste\u015b to zapewne szukasz miejsca dla swojego dziecka i chcia\u0142by\u015b dowiedzie\u0107 si\u0119 czego\u015b wi\u0119cej.  <br><br>Zanim jednak przeczytasz o tym konkretnym projekcie \u2013 zapraszamy do zapoznania si\u0119 z tym, jakie s\u0105 nasze g\u0142\u00f3wne za\u0142o\u017cenia edukacji i co nas nap\u0119dza do dzia\u0142ania. O tym wszystkim przeczytasz <a href=\"https:\/\/horyzontywyobrazni.pl\/index.php\/aleja\/glowne-zalozenia-edukacji\/\" target=\"_blank\" rel=\"noreferrer noopener\">TUTAJ<\/a>.<\/p>\n\n\n\n<p class=\"has-text-align-left\">W ramach projektu Wczesnoszkolna Edukacja Domowa &#8222;Horyzonty Wyobra\u017ani&#8221; fundacja prowadzi zaj\u0119cia kulturalno-o\u015bwiatowe dla dzieci z edukacji pozaszkolnej, zapewniaj\u0105c im opiek\u0119 od poniedzia\u0142ku do pi\u0105tku. <\/p>\n\n\n\n<div class=\"wp-block-media-text alignwide is-stacked-on-mobile is-image-fill\" style=\"grid-template-columns:37% auto\"><figure class=\"wp-block-media-text__media\" style=\"background-image:url(http:\/\/horyzontywyobrazni.pl\/blog\/wp-content\/uploads\/2022\/04\/6178DA17-4A40-49C1-841C-C3EA6C5D47CB-1024x723.jpeg);background-position:50% 50%\"><img loading=\"lazy\" decoding=\"async\" width=\"1024\" height=\"723\" src=\"http:\/\/horyzontywyobrazni.pl\/blog\/wp-content\/uploads\/2022\/04\/6178DA17-4A40-49C1-841C-C3EA6C5D47CB-1024x723.jpeg\" alt=\"\" class=\"wp-image-335 size-full\" srcset=\"http:\/\/horyzontywyobrazni.pl\/wp-content\/uploads\/2022\/04\/6178DA17-4A40-49C1-841C-C3EA6C5D47CB-1024x723.jpeg 1024w, http:\/\/horyzontywyobrazni.pl\/wp-content\/uploads\/2022\/04\/6178DA17-4A40-49C1-841C-C3EA6C5D47CB-300x212.jpeg 300w, http:\/\/horyzontywyobrazni.pl\/wp-content\/uploads\/2022\/04\/6178DA17-4A40-49C1-841C-C3EA6C5D47CB-768x542.jpeg 768w, http:\/\/horyzontywyobrazni.pl\/wp-content\/uploads\/2022\/04\/6178DA17-4A40-49C1-841C-C3EA6C5D47CB-1536x1084.jpeg 1536w, http:\/\/horyzontywyobrazni.pl\/wp-content\/uploads\/2022\/04\/6178DA17-4A40-49C1-841C-C3EA6C5D47CB.jpeg 1982w\" sizes=\"auto, (max-width: 1024px) 100vw, 1024px\" \/><\/figure><div class=\"wp-block-media-text__content\">\n<p>Oferujemy wsparcie rodzin w edukacji dzieci i w rozwijaniu ich zainteresowa\u0144 poprzez bezpo\u015brednie do\u015bwiadczanie \u015bwiata.<\/p>\n<\/div><\/div>\n\n\n\n<p>Bliskie jest nam podej\u015bcie niedyrektywne, oparte na zaufaniu do kompetencji dziecka i&nbsp;pod\u0105\u017caniu za jego potrzebami.&nbsp;W towarzyszeniu dzieciom wa\u017cne jest dla nas pozostawianie im przestrzeni do tworzenie przekazywanie nie tylko wiedzy podr\u0119cznikowej, ale i umo\u017cliwianie im nabywania kompetencji spo\u0142ecznych.<\/p>\n\n\n\n<p>Fundacja organizuje zaj\u0119cia edukacyjne rozwijaj\u0105ce zainteresowania dziecka.<br>Realizuje obowi\u0105zuj\u0105c\u0105 w Polsce podstaw\u0119 programow\u0105 MEN. <\/p>\n\n\n\n<p>Edukacja dzieci szkolnych realizowana jest w ramach nauki poza szko\u0142\u0105 na podstawie art.16 ust. 8 i nast\u0119pne Ustawy o systemie o\u015bwiaty \u2013 przy wsp\u00f3\u0142pracy z Niepubliczn\u0105 Szko\u0142\u0105 Podstawow\u0105 &#8222;Inspiracja&#8221;.<\/p>\n\n\n\n<p>Zaj\u0119cia odbywaj\u0105 si\u0119 bez \u015bcis\u0142ego podzia\u0142u na klasy. Grupy s\u0105 mieszane wiekowo, dzi\u0119ki czemu m\u0142odsze dzieci ucz\u0105 si\u0119 od starszych, a starsze maj\u0105 okazj\u0119 dzieli\u0107 si\u0119 swoj\u0105 wiedz\u0105 i pasjami z m\u0142odszymi. Nie ma u nas dzwonk\u00f3w, ocen, klas\u00f3wek. Zrezygnowali\u015bmy z systemu kar i nagr\u00f3d oraz z wszelkiej formy oceniania \u2013 opieramy si\u0119 na informacji zwrotnej, kt\u00f3ra zak\u0142ada \u017ce b\u0142\u0119dy to naturalna rzecz w procesie nauki. Wierzymy w kompetencje dzieci. <br><br>Towarzysz\u0105c im pod\u0105\u017camy za ich naturaln\u0105 ch\u0119\u0107 do nauki i poszerzania swojej wiedzy oraz kompetencji. <\/p>\n\n\n\n<div class=\"wp-block-columns is-layout-flex wp-container-core-columns-is-layout-28f84493 wp-block-columns-is-layout-flex\">\n<div class=\"wp-block-column is-layout-flow wp-block-column-is-layout-flow\">\n<p><br><br>Uczymy si\u0119 poprzez do\u015bwiadczanie \u015bwiata, praktyczne dzia\u0142anie, zabaw\u0119, dzia\u0142alno\u015b\u0107 artystyczn\u0105, wsp\u00f3\u0142dzia\u0142anie w grupie.<\/p>\n<\/div>\n\n\n\n<div class=\"wp-block-column is-layout-flow wp-block-column-is-layout-flow\">\n<figure class=\"wp-block-image size-large is-style-default\"><img loading=\"lazy\" decoding=\"async\" width=\"1024\" height=\"770\" src=\"https:\/\/horyzontywyobrazni.pl\/blog\/wp-content\/uploads\/2022\/05\/IMG_5619-1024x770.jpg\" alt=\"\" class=\"wp-image-524\" srcset=\"http:\/\/horyzontywyobrazni.pl\/wp-content\/uploads\/2022\/05\/IMG_5619-1024x770.jpg 1024w, http:\/\/horyzontywyobrazni.pl\/wp-content\/uploads\/2022\/05\/IMG_5619-300x226.jpg 300w, http:\/\/horyzontywyobrazni.pl\/wp-content\/uploads\/2022\/05\/IMG_5619-768x578.jpg 768w, http:\/\/horyzontywyobrazni.pl\/wp-content\/uploads\/2022\/05\/IMG_5619.jpg 1170w\" sizes=\"auto, (max-width: 1024px) 100vw, 1024px\" \/><\/figure>\n<\/div>\n<\/div>\n\n\n\n<p>Porozumiewamy si\u0119 bez przemocy. My\u015blimy samodzielnie i dajemy sobie prawo do pope\u0142niania b\u0142\u0119d\u00f3w. <\/p>\n\n\n\n<p>Poprzez czynne dzia\u0142ania dzieci maj\u0105 mo\u017cliwo\u015b\u0107 szybkiego sprawdzenia zdobytej wiedzy i umiej\u0119tno\u015bci. Buduje to poczucie w\u0142asnej warto\u015bci wsparte na mocnym fundamencie przekonania o byciu kompetentnym.<\/p>\n\n\n\n<p>Uczymy si\u0119 funkcjonowania w grupie i spo\u0142ecze\u0144stwie, dostarczamy dzieciom tak\u017ce praktycznych wzorc\u00f3w rozwi\u0105zywania konflikt\u00f3w, wsp\u00f3\u0142dzia\u0142ania i odpowiedzialno\u015bci.<\/p>\n\n\n\n<p>Bardzo wa\u017cny jest dla nas czas na \u015bwie\u017cym powietrzu, dlatego codziennie, niezale\u017cnie od pogody, wychodzimy na dw\u00f3r. Jeste\u015bmy elastyczni i reagujemy na potrzeby dzieci i otaczaj\u0105ce nas \u015brodowisko. Zdarza si\u0119, \u017ce prowadzimy zaj\u0119cia na dworze, gdy pogoda nam dopisuje.<\/p>\n","protected":false},"excerpt":{"rendered":"<p>Edukacja domowa w klasach I-III Skoro tu jeste\u015b to zapewne szukasz miejsca dla swojego dziecka i chcia\u0142by\u015b dowiedzie\u0107 si\u0119 czego\u015b wi\u0119cej. Zanim jednak przeczytasz o tym konkretnym projekcie \u2013 zapraszamy do zapoznania si\u0119 z tym, jakie s\u0105 nasze g\u0142\u00f3wne za\u0142o\u017cenia edukacji i co nas nap\u0119dza do dzia\u0142ania. O tym wszystkim przeczytasz TUTAJ. W ramach projektu [&hellip;]<\/p>\n","protected":false},"author":2,"featured_media":0,"parent":21,"menu_order":1,"comment_status":"closed","ping_status":"closed","template":"","meta":{"footnotes":""},"class_list":["post-82","page","type-page","status-publish","hentry"],"_links":{"self":[{"href":"http:\/\/horyzontywyobrazni.pl\/index.php\/wp-json\/wp\/v2\/pages\/82","targetHints":{"allow":["GET"]}}],"collection":[{"href":"http:\/\/horyzontywyobrazni.pl\/index.php\/wp-json\/wp\/v2\/pages"}],"about":[{"href":"http:\/\/horyzontywyobrazni.pl\/index.php\/wp-json\/wp\/v2\/types\/page"}],"author":[{"embeddable":true,"href":"http:\/\/horyzontywyobrazni.pl\/index.php\/wp-json\/wp\/v2\/users\/2"}],"replies":[{"embeddable":true,"href":"http:\/\/horyzontywyobrazni.pl\/index.php\/wp-json\/wp\/v2\/comments?post=82"}],"version-history":[{"count":34,"href":"http:\/\/horyzontywyobrazni.pl\/index.php\/wp-json\/wp\/v2\/pages\/82\/revisions"}],"predecessor-version":[{"id":747,"href":"http:\/\/horyzontywyobrazni.pl\/index.php\/wp-json\/wp\/v2\/pages\/82\/revisions\/747"}],"up":[{"embeddable":true,"href":"http:\/\/horyzontywyobrazni.pl\/index.php\/wp-json\/wp\/v2\/pages\/21"}],"wp:attachment":[{"href":"http:\/\/horyzontywyobrazni.pl\/index.php\/wp-json\/wp\/v2\/media?parent=82"}],"curies":[{"name":"wp","href":"https:\/\/api.w.org\/{rel}","templated":true}]}}