{"id":193,"date":"2022-04-25T07:37:26","date_gmt":"2022-04-25T05:37:26","guid":{"rendered":"https:\/\/horyzontywyobrazni.pl\/blog\/?page_id=193"},"modified":"2025-03-10T14:44:47","modified_gmt":"2025-03-10T13:44:47","slug":"jak-przebiega","status":"publish","type":"page","link":"https:\/\/horyzontywyobrazni.pl\/index.php\/rekrutacja\/jak-przebiega\/","title":{"rendered":"Jak przebiega?"},"content":{"rendered":"\n<p id=\"block-d16e70c0-3793-4b2b-9714-a9725404af98\">PRZYJ\u0118CIE DZIECKA \u2013 PRZYJ\u0118CIE RODZINY<\/p>\n\n\n\n<p id=\"block-0811d544-04d1-4ce0-93aa-8da3fdd2be63\">Przyj\u0119cie dziecka poprzedzone jest indywidualnym spotkaniem, poznaniem wzajemnych oczekiwa\u0144 i podj\u0119ciem obop\u00f3lnej decyzji o wsp\u00f3\u0142pracy.<br>Poszukujemy rodzin, dla kt\u00f3rych warto\u015bci\u0105 jest wychowanie w duchu rodzicielstwa blisko\u015bci \u2013 w atmosferze szacunku, komunikacji bez przemocy (NVC), z wzajemn\u0105 uwa\u017cno\u015bci\u0105 na swoje granice, emocje i potrzeby.<\/p>\n\n\n\n<p>ETAPY REKRUTACJI<\/p>\n\n\n\n<ol class=\"wp-block-list\">\n<li>Zg\u0142oszenie poprzez <a href=\"https:\/\/docs.google.com\/forms\/d\/e\/1FAIpQLSd4oDqhdyJSHOKKFh5mrxrZ7lpX40MFP20_SFglaEJv4XV-3A\/viewform\">FORMULARZ<\/a> \u2013 to pierwszy moment, w kt\u00f3rym Was poznajemy. Je\u015bli tre\u015bci, kt\u00f3re przeczytali\u015bcie na naszej stronie, oraz informacje z innych \u017ar\u00f3de\u0142 s\u0105 bliskie temu, czego poszukujecie, to napiszcie nam kilka s\u0142\u00f3w o sobie i o tym, co jest dla Was wa\u017cne w byciu z dzie\u0107mi, a tak\u017ce na co chcecie zwr\u00f3ci\u0107 szczeg\u00f3ln\u0105 uwag\u0119 w ich rozwoju.<br>Wype\u0142nienie formularza jest jednoznaczne z zapisaniem si\u0119 na list\u0119 os\u00f3b zainteresowanych do\u0142\u0105czeniem do Horyzont\u00f3w.<\/li>\n\n\n\n<li>Rozmowa telefoniczna \u2013 nasz pierwszy bezpo\u015bredni kontakt, zaproszenie do dialogu i okazja do poszukania odpowiedzi na pytania, kt\u00f3re macie.<br>Je\u015bli rozmowa telefoniczna utwierdzi\u0142a Was w tym, \u017ce Horyzonty s\u0105 miejscem, kt\u00f3rego szukacie umawiamy si\u0119 na spotkanie na \u017cywo.<\/li>\n\n\n\n<li>Spotkanie i rozmowa w Horyzontach \u2013 tutaj poznajemy si\u0119 twarz\u0105 w twarz. Na spotkanie zapraszamy Was do nas, dzi\u0119ki czemu nie tylko lepiej si\u0119 poznamy, ale b\u0119dziecie mogli r\u00f3wnie\u017c zobaczy\u0107 skrawek naszej codzienno\u015bci. Tutaj nie padaj\u0105 deklaracje, dajemy sobie kilka dni na \u015bwiadome podj\u0119cie decyzji.<\/li>\n\n\n\n<li>Kontakt telefoniczny \u2013 moment deklaracji i ustalenia szczeg\u00f3\u0142\u00f3w do\u0142\u0105czenia do spo\u0142eczno\u015bci Horyzont\u00f3w <\/li>\n\n\n\n<li>Pierwsza wizyta dziecka w Horyzontach<\/li>\n<\/ol>\n","protected":false},"excerpt":{"rendered":"<p>PRZYJ\u0118CIE DZIECKA \u2013 PRZYJ\u0118CIE RODZINY Przyj\u0119cie dziecka poprzedzone jest indywidualnym spotkaniem, poznaniem wzajemnych oczekiwa\u0144 i podj\u0119ciem obop\u00f3lnej decyzji o wsp\u00f3\u0142pracy.Poszukujemy rodzin, dla kt\u00f3rych warto\u015bci\u0105 jest wychowanie w duchu rodzicielstwa blisko\u015bci \u2013 w atmosferze szacunku, komunikacji bez przemocy (NVC), z wzajemn\u0105 uwa\u017cno\u015bci\u0105 na swoje granice, emocje i potrzeby. ETAPY REKRUTACJI<\/p>\n","protected":false},"author":2,"featured_media":0,"parent":80,"menu_order":2,"comment_status":"closed","ping_status":"closed","template":"","meta":{"footnotes":""},"class_list":["post-193","page","type-page","status-publish","hentry"],"_links":{"self":[{"href":"https:\/\/horyzontywyobrazni.pl\/index.php\/wp-json\/wp\/v2\/pages\/193","targetHints":{"allow":["GET"]}}],"collection":[{"href":"https:\/\/horyzontywyobrazni.pl\/index.php\/wp-json\/wp\/v2\/pages"}],"about":[{"href":"https:\/\/horyzontywyobrazni.pl\/index.php\/wp-json\/wp\/v2\/types\/page"}],"author":[{"embeddable":true,"href":"https:\/\/horyzontywyobrazni.pl\/index.php\/wp-json\/wp\/v2\/users\/2"}],"replies":[{"embeddable":true,"href":"https:\/\/horyzontywyobrazni.pl\/index.php\/wp-json\/wp\/v2\/comments?post=193"}],"version-history":[{"count":13,"href":"https:\/\/horyzontywyobrazni.pl\/index.php\/wp-json\/wp\/v2\/pages\/193\/revisions"}],"predecessor-version":[{"id":827,"href":"https:\/\/horyzontywyobrazni.pl\/index.php\/wp-json\/wp\/v2\/pages\/193\/revisions\/827"}],"up":[{"embeddable":true,"href":"https:\/\/horyzontywyobrazni.pl\/index.php\/wp-json\/wp\/v2\/pages\/80"}],"wp:attachment":[{"href":"https:\/\/horyzontywyobrazni.pl\/index.php\/wp-json\/wp\/v2\/media?parent=193"}],"curies":[{"name":"wp","href":"https:\/\/api.w.org\/{rel}","templated":true}]}}