{"id":240,"date":"2022-04-25T09:19:30","date_gmt":"2022-04-25T09:19:30","guid":{"rendered":"https:\/\/horyzontywyobrazni.pl\/blog\/?page_id=240"},"modified":"2022-05-10T11:06:58","modified_gmt":"2022-05-10T09:06:58","slug":"wspolpraca","status":"publish","type":"page","link":"https:\/\/horyzontywyobrazni.pl\/index.php\/kontakt\/wspolpraca\/","title":{"rendered":"Wsp\u00f3\u0142praca"},"content":{"rendered":"\n<p><strong>Jeste\u015bmy g\u0142odni do\u015bwiadcze\u0144 \ud83d\ude42<\/strong><\/p>\n\n\n\n<ul class=\"wp-block-list\"><li>Szukamy os\u00f3b, kt\u00f3re chcia\u0142yby si\u0119 z nami podzieli\u0107 swoj\u0105 pasja!<br>Grasz w szachy, bulle, karty? A mo\u017ce na jakim\u015b instrumencie? Lub bez instrumentu? Znasz jaki\u015b j\u0119zyk\/kraj\/kultur\u0119\/ciekawe miejsce?&nbsp;<br>Umiesz szyde\u0142kowa\u0107\/malowa\u0107\/tworzy\u0107 co\u015b z niczego? Lepisz z gliny?  Pasjonuje ci\u0119 jaki\u015b sport? Naprawiasz elektronik\u0119? Umiesz programowa\u0107? \u017bonglujesz\/chodzisz na szczud\u0142ach? Masz fretk\u0119, je\u017ca, chomika? W\u0119drujesz po g\u00f3rach? Pracujesz w ciekawym miejscu, kt\u00f3re m\u00f3g\u0142by\u015b nam pokaza\u0107? <br>Jednym s\u0142owem: masz pasje\/wiedz\u0119\/do\u015bwiadczenie kt\u00f3rym by\u015b m\u00f3g\u0142 i chcia\u0142 si\u0119 z nami podzieli\u0107? Lubisz dzieci\/m\u0142odzie\u017c i traktujesz ich jak r\u00f3wnych partner\u00f3w do dzia\u0142ania?&nbsp;<\/li><\/ul>\n\n\n\n<ul class=\"wp-block-list\"><li>Znasz kogo\u015b kto potrzebuje pomocy\/wsparcia? Posprz\u0105ta\u0107 ogr\u00f3dek? Naprawi\u0107 \u0142awk\u0119? Odmalowa\u0107 p\u0142ot? I nie musi to byc zrobione idealnie? Ch\u0119tnie pomo\u017cemy! Mamy r\u0119ce (mniejsze i wi\u0119ksze) ch\u0119tne do pomocy!<br>&nbsp;<\/li><li>Prowadzisz warsztaty\/spotkania\/szkolenia dla doros\u0142ych? Je\u015bli czujesz, \u017ce tematyka, kt\u00f3r\u0105 si\u0119 zajmujesz jest bliska z drog\u0105, kt\u00f3r\u0105 my pod\u0105\u017camy, odezwij si\u0119. Mo\u017cemy nawi\u0105za\u0107 wsp\u00f3\u0142prac\u0119: mamy miejsce, mamy zasi\u0119gi i znamy ludzi ch\u0119tnych do rozwoju, a szczeg\u00f3lnie chcemy szerzy\u0107 bliskie nam warto\u015bci.<br><br><\/li><li>Chcia\u0142(a)by\u015b by\u015bmy zorganizowali szkolenie dla Ciebie lub Twojej kadry? Chcieliby\u015bcie prowadzi\u0107 miejsce mniej dyrektywne, bardziej blisko\u015bciowe, ale nie wiecie od czego zacz\u0105\u0107? Macie wyzwania, z kt\u00f3rymi si\u0119 borykacie? <\/li><\/ul>\n\n\n\n<p>Je\u015bli na cokolwiek z powy\u017cszego Twoje serce zacz\u0119\u0142o bi\u0107 nieco mocniej, na zasadzie &#8222;to ja, to o mnie, dla mnie&#8221;, zapraszamy do wsp\u00f3\u0142pracy. Mo\u017ce to by\u0107 warsztat, spacer mo\u017ce by\u0107 lu\u017ane spotkanie na trawie.<br>Jeste\u015bmy otwarci na jednorazow\u0105 wizyt\u0119 lub na cykliczne spotkania.\u00a0<br><br><strong>Napisz do nas<\/strong>: <a href=\"mailto:info@horyzontywyobrazni.pl\">info@horyzontywyobrazni.pl<\/a><\/p>\n","protected":false},"excerpt":{"rendered":"<p>Jeste\u015bmy g\u0142odni do\u015bwiadcze\u0144 \ud83d\ude42 Szukamy os\u00f3b, kt\u00f3re chcia\u0142yby si\u0119 z nami podzieli\u0107 swoj\u0105 pasja!Grasz w szachy, bulle, karty? A mo\u017ce na jakim\u015b instrumencie? Lub bez instrumentu? Znasz jaki\u015b j\u0119zyk\/kraj\/kultur\u0119\/ciekawe miejsce?&nbsp;Umiesz szyde\u0142kowa\u0107\/malowa\u0107\/tworzy\u0107 co\u015b z niczego? Lepisz z gliny? Pasjonuje ci\u0119 jaki\u015b sport? Naprawiasz elektronik\u0119? Umiesz programowa\u0107? \u017bonglujesz\/chodzisz na szczud\u0142ach? Masz fretk\u0119, je\u017ca, chomika? W\u0119drujesz po g\u00f3rach? [&hellip;]<\/p>\n","protected":false},"author":2,"featured_media":0,"parent":49,"menu_order":1,"comment_status":"closed","ping_status":"closed","template":"","meta":{"footnotes":""},"class_list":["post-240","page","type-page","status-publish","hentry"],"_links":{"self":[{"href":"https:\/\/horyzontywyobrazni.pl\/index.php\/wp-json\/wp\/v2\/pages\/240","targetHints":{"allow":["GET"]}}],"collection":[{"href":"https:\/\/horyzontywyobrazni.pl\/index.php\/wp-json\/wp\/v2\/pages"}],"about":[{"href":"https:\/\/horyzontywyobrazni.pl\/index.php\/wp-json\/wp\/v2\/types\/page"}],"author":[{"embeddable":true,"href":"https:\/\/horyzontywyobrazni.pl\/index.php\/wp-json\/wp\/v2\/users\/2"}],"replies":[{"embeddable":true,"href":"https:\/\/horyzontywyobrazni.pl\/index.php\/wp-json\/wp\/v2\/comments?post=240"}],"version-history":[{"count":10,"href":"https:\/\/horyzontywyobrazni.pl\/index.php\/wp-json\/wp\/v2\/pages\/240\/revisions"}],"predecessor-version":[{"id":735,"href":"https:\/\/horyzontywyobrazni.pl\/index.php\/wp-json\/wp\/v2\/pages\/240\/revisions\/735"}],"up":[{"embeddable":true,"href":"https:\/\/horyzontywyobrazni.pl\/index.php\/wp-json\/wp\/v2\/pages\/49"}],"wp:attachment":[{"href":"https:\/\/horyzontywyobrazni.pl\/index.php\/wp-json\/wp\/v2\/media?parent=240"}],"curies":[{"name":"wp","href":"https:\/\/api.w.org\/{rel}","templated":true}]}}