{"id":35,"date":"2022-04-15T11:58:25","date_gmt":"2022-04-15T11:58:25","guid":{"rendered":"https:\/\/horyzontywyobrazni.pl\/blog\/?page_id=35"},"modified":"2022-05-10T10:56:13","modified_gmt":"2022-05-10T08:56:13","slug":"jak-dzialamy-jak-wyglada-nasz-dzien","status":"publish","type":"page","link":"https:\/\/horyzontywyobrazni.pl\/index.php\/domek\/jak-dzialamy-jak-wyglada-nasz-dzien\/","title":{"rendered":"Jak wygl\u0105da nasz dzie\u0144?"},"content":{"rendered":"\n<p>Spotykamy si\u0119 3 dni w tygodniu (wtorek, \u015broda, czwartek) <br>w godzinach 9:00 &#8211; 15:30. <\/p>\n\n\n\n<p class=\"has-tertiary-background-color has-background\">9:00 &#8211; 9:30 &#8211; rozpocz\u0119cie dnia, \u015bniadanie<br>9:30 &#8211; 10:00 &#8211; wsp\u00f3lna narada \/ planowanie dnia \/ sprawy wniesione<br>10:00 &#8211; 14:45 &#8211; czas aktywno\u015bci: zaj\u0119cia, wyj\u015bcia, warsztaty, zabawa<br>14:45 &#8211; 15:00 &#8211; wsp\u00f3lne sprz\u0105tanie<br>15:00 &#8211; 15:30 &#8211; czas swobodnych aktywno\u015bci, gier, rozm\u00f3w; rozchodzenie si\u0119 do dom\u00f3w<\/p>\n\n\n\n<div class=\"wp-block-columns is-layout-flex wp-container-core-columns-is-layout-28f84493 wp-block-columns-is-layout-flex\">\n<div class=\"wp-block-column is-layout-flow wp-block-column-is-layout-flow\">\n<figure class=\"wp-block-image size-large is-resized\"><img loading=\"lazy\" decoding=\"async\" src=\"http:\/\/horyzontywyobrazni.pl\/blog\/wp-content\/uploads\/2022\/05\/IMG_5612-768x1024.jpg\" alt=\"\" class=\"wp-image-447\" width=\"246\" height=\"328\" srcset=\"https:\/\/horyzontywyobrazni.pl\/wp-content\/uploads\/2022\/05\/IMG_5612-768x1024.jpg 768w, https:\/\/horyzontywyobrazni.pl\/wp-content\/uploads\/2022\/05\/IMG_5612-225x300.jpg 225w, https:\/\/horyzontywyobrazni.pl\/wp-content\/uploads\/2022\/05\/IMG_5612-1152x1536.jpg 1152w, https:\/\/horyzontywyobrazni.pl\/wp-content\/uploads\/2022\/05\/IMG_5612.jpg 1536w\" sizes=\"auto, (max-width: 246px) 100vw, 246px\" \/><\/figure>\n<\/div>\n\n\n\n<div class=\"wp-block-column is-layout-flow wp-block-column-is-layout-flow\">\n<p class=\"has-text-align-left has-background-background-color has-background\">W\u0142asny ogr\u00f3d daje nam swobod\u0119 korzystania z bycia na dworze w dowolnych momentach dnia. R\u00f3wnie ch\u0119tnie wychodzimy korzysta\u0107 z okolicznych park\u00f3w, boiska, si\u0142owni.<\/p>\n<\/div>\n<\/div>\n\n\n\n<div class=\"wp-block-columns is-layout-flex wp-container-core-columns-is-layout-28f84493 wp-block-columns-is-layout-flex\">\n<div class=\"wp-block-column is-vertically-aligned-center is-layout-flow wp-block-column-is-layout-flow\">\n<p class=\"has-background-background-color has-background\">Raz w miesi\u0105cu spotykamy si\u0119 r\u00f3wnie\u017c w pi\u0105tki i w\u00f3wczas idziemy na warsztaty\/wystawy, kt\u00f3re s\u0105 organizowane w mie\u015bcie, cho\u0107 nie obce s\u0105 nam r\u00f3wnie\u017c wyjazdy poza Wroc\u0142aw.<\/p>\n<\/div>\n\n\n\n<div class=\"wp-block-column is-layout-flow wp-block-column-is-layout-flow\">\n<figure class=\"wp-block-image size-full\"><img loading=\"lazy\" decoding=\"async\" width=\"750\" height=\"563\" src=\"https:\/\/horyzontywyobrazni.pl\/blog\/wp-content\/uploads\/2022\/05\/IMG_5613-1.jpg\" alt=\"\" class=\"wp-image-513\" srcset=\"https:\/\/horyzontywyobrazni.pl\/wp-content\/uploads\/2022\/05\/IMG_5613-1.jpg 750w, https:\/\/horyzontywyobrazni.pl\/wp-content\/uploads\/2022\/05\/IMG_5613-1-300x225.jpg 300w\" sizes=\"auto, (max-width: 750px) 100vw, 750px\" \/><\/figure>\n<\/div>\n<\/div>\n","protected":false},"excerpt":{"rendered":"<p>Spotykamy si\u0119 3 dni w tygodniu (wtorek, \u015broda, czwartek) w godzinach 9:00 &#8211; 15:30. 9:00 &#8211; 9:30 &#8211; rozpocz\u0119cie dnia, \u015bniadanie9:30 &#8211; 10:00 &#8211; wsp\u00f3lna narada \/ planowanie dnia \/ sprawy wniesione10:00 &#8211; 14:45 &#8211; czas aktywno\u015bci: zaj\u0119cia, wyj\u015bcia, warsztaty, zabawa14:45 &#8211; 15:00 &#8211; wsp\u00f3lne sprz\u0105tanie15:00 &#8211; 15:30 &#8211; czas swobodnych aktywno\u015bci, gier, rozm\u00f3w; rozchodzenie [&hellip;]<\/p>\n","protected":false},"author":2,"featured_media":0,"parent":24,"menu_order":2,"comment_status":"closed","ping_status":"closed","template":"","meta":{"footnotes":""},"class_list":["post-35","page","type-page","status-publish","hentry"],"_links":{"self":[{"href":"https:\/\/horyzontywyobrazni.pl\/index.php\/wp-json\/wp\/v2\/pages\/35","targetHints":{"allow":["GET"]}}],"collection":[{"href":"https:\/\/horyzontywyobrazni.pl\/index.php\/wp-json\/wp\/v2\/pages"}],"about":[{"href":"https:\/\/horyzontywyobrazni.pl\/index.php\/wp-json\/wp\/v2\/types\/page"}],"author":[{"embeddable":true,"href":"https:\/\/horyzontywyobrazni.pl\/index.php\/wp-json\/wp\/v2\/users\/2"}],"replies":[{"embeddable":true,"href":"https:\/\/horyzontywyobrazni.pl\/index.php\/wp-json\/wp\/v2\/comments?post=35"}],"version-history":[{"count":32,"href":"https:\/\/horyzontywyobrazni.pl\/index.php\/wp-json\/wp\/v2\/pages\/35\/revisions"}],"predecessor-version":[{"id":724,"href":"https:\/\/horyzontywyobrazni.pl\/index.php\/wp-json\/wp\/v2\/pages\/35\/revisions\/724"}],"up":[{"embeddable":true,"href":"https:\/\/horyzontywyobrazni.pl\/index.php\/wp-json\/wp\/v2\/pages\/24"}],"wp:attachment":[{"href":"https:\/\/horyzontywyobrazni.pl\/index.php\/wp-json\/wp\/v2\/media?parent=35"}],"curies":[{"name":"wp","href":"https:\/\/api.w.org\/{rel}","templated":true}]}}