{"id":367,"date":"2022-04-29T13:49:33","date_gmt":"2022-04-29T13:49:33","guid":{"rendered":"https:\/\/horyzontywyobrazni.pl\/blog\/?page_id=367"},"modified":"2026-04-13T15:06:00","modified_gmt":"2026-04-13T13:06:00","slug":"dane-kontaktowe","status":"publish","type":"page","link":"https:\/\/horyzontywyobrazni.pl\/index.php\/kontakt\/dane-kontaktowe\/","title":{"rendered":"Dane kontaktowe"},"content":{"rendered":"\n<p class=\"has-text-align-center has-tertiary-background-color has-background\"><strong>Organ prowadz\u0105cy:<\/strong><br>AleJa<br>ul. Ojc\u00f3w Oblat\u00f3w 1<br>54-239 Wroc\u0142aw<br>NIP: 8943080175<\/p>\n\n\n\n<p><strong>adresy:<\/strong><\/p>\n\n\n\n<div class=\"wp-block-columns is-layout-flex wp-container-core-columns-is-layout-28f84493 wp-block-columns-is-layout-flex\">\n<div class=\"wp-block-column is-layout-flow wp-block-column-is-layout-flow\" style=\"flex-basis:100%\">\n<div class=\"wp-block-columns is-layout-flex wp-container-core-columns-is-layout-28f84493 wp-block-columns-is-layout-flex\">\n<div class=\"wp-block-column is-layout-flow wp-block-column-is-layout-flow\" style=\"flex-basis:50%\">\n<p>Punkt Przedszkolny<br>Wczesnoszkolna Edukacja Domowa <\/p>\n<\/div>\n\n\n\n<div class=\"wp-block-column is-layout-flow wp-block-column-is-layout-flow\" style=\"flex-basis:50%\">\n<p>ul. Ojc\u00f3w Oblat\u00f3w 1 <br>(Popowice), Wroc\u0142aw<\/p>\n<\/div>\n<\/div>\n<\/div>\n<\/div>\n\n\n\n<div class=\"wp-block-columns is-layout-flex wp-container-core-columns-is-layout-28f84493 wp-block-columns-is-layout-flex\">\n<div class=\"wp-block-column is-layout-flow wp-block-column-is-layout-flow\">\n<p>M\u0142odzie\u017c\u00f3wka Unschoolingowa<\/p>\n<\/div>\n\n\n\n<div class=\"wp-block-column is-layout-flow wp-block-column-is-layout-flow\">\n<p>ul. Lidzbarska 17<br>(Ma\u015blice), Wroc\u0142aw<\/p>\n<\/div>\n<\/div>\n\n\n\n<p><br><br><strong>adres mailowy: <\/strong><br><a href=\"mailto:info@horyzontywyobrazni.pl\">info@horyzontywyobrazni.pl<\/a><\/p>\n\n\n\n<p><strong>rekrutacja: <\/strong><br><a href=\"mailto:rekrutacja@horyzontywyobrazni.pl\">rekrutacja@horyzontywyobrazni.pl<\/a><br>tel.: 531 335 280<\/p>\n\n\n\n<p class=\"has-text-align-left\"><strong>b\u0105d\u017a na bie\u017c\u0105co:<\/strong><\/p>\n\n\n\n<div class=\"wp-block-columns is-layout-flex wp-container-core-columns-is-layout-28f84493 wp-block-columns-is-layout-flex\">\n<div class=\"wp-block-column is-layout-flow wp-block-column-is-layout-flow\">\n<div class=\"wp-block-media-text alignwide is-stacked-on-mobile\" style=\"grid-template-columns:15% auto\"><figure class=\"wp-block-media-text__media\"><a href=\"#fb\"><img loading=\"lazy\" decoding=\"async\" width=\"333\" height=\"315\" src=\"https:\/\/horyzontywyobrazni.pl\/blog\/wp-content\/uploads\/2022\/05\/fb-znaczek.png\" alt=\"\" class=\"wp-image-626 size-full\" srcset=\"https:\/\/horyzontywyobrazni.pl\/wp-content\/uploads\/2022\/05\/fb-znaczek.png 333w, https:\/\/horyzontywyobrazni.pl\/wp-content\/uploads\/2022\/05\/fb-znaczek-300x284.png 300w\" sizes=\"auto, (max-width: 333px) 100vw, 333px\" \/><\/a><\/figure><div class=\"wp-block-media-text__content\">\n<p><a rel=\"noreferrer noopener\" href=\"https:\/\/www.facebook.com\/HWprzedszkole\/\" target=\"_blank\">przedszkole<\/a><\/p>\n<\/div><\/div>\n<\/div>\n\n\n\n<div class=\"wp-block-column is-layout-flow wp-block-column-is-layout-flow\">\n<div class=\"wp-block-media-text alignwide is-stacked-on-mobile\" style=\"grid-template-columns:16% auto\"><figure class=\"wp-block-media-text__media\"><img loading=\"lazy\" decoding=\"async\" width=\"333\" height=\"315\" src=\"https:\/\/horyzontywyobrazni.pl\/blog\/wp-content\/uploads\/2022\/05\/fb-znaczek-1.png\" alt=\"\" class=\"wp-image-627 size-full\" srcset=\"https:\/\/horyzontywyobrazni.pl\/wp-content\/uploads\/2022\/05\/fb-znaczek-1.png 333w, https:\/\/horyzontywyobrazni.pl\/wp-content\/uploads\/2022\/05\/fb-znaczek-1-300x284.png 300w\" sizes=\"auto, (max-width: 333px) 100vw, 333px\" \/><\/figure><div class=\"wp-block-media-text__content\">\n<p><a href=\"https:\/\/www.facebook.com\/domekHW\">horyzonty wyobrazni<\/a><\/p>\n<\/div><\/div>\n<\/div>\n<\/div>\n\n\n\n<p class=\"has-text-align-center has-tertiary-background-color has-background\">Je\u015bli bliskie jest ci to co robimy i chcia\u0142by\u015b nas wesprze\u0107 mo\u017cesz dokona\u0107 wp\u0142aty w dowolnej kwocie na konto fundacji AleJa:<br><br>BNP Paribas: 05 1750 0012 0000 0000 3379 1224<br><br><em><strong>tytu\u0142 przelewu:&nbsp;<\/strong>darowizna na cele statutowe<\/em><\/p>\n\n\n\n<p><br><\/p>\n","protected":false},"excerpt":{"rendered":"<p>Organ prowadz\u0105cy:AleJaul. Ojc\u00f3w Oblat\u00f3w 154-239 Wroc\u0142awNIP: 8943080175 adresy: Punkt PrzedszkolnyWczesnoszkolna Edukacja Domowa ul. Ojc\u00f3w Oblat\u00f3w 1 (Popowice), Wroc\u0142aw M\u0142odzie\u017c\u00f3wka Unschoolingowa ul. Lidzbarska 17(Ma\u015blice), Wroc\u0142aw adres mailowy: info@horyzontywyobrazni.pl rekrutacja: rekrutacja@horyzontywyobrazni.pltel.: 531 335 280 b\u0105d\u017a na bie\u017c\u0105co: przedszkole horyzonty wyobrazni Je\u015bli bliskie jest ci to co robimy i chcia\u0142by\u015b nas wesprze\u0107 mo\u017cesz dokona\u0107 wp\u0142aty w dowolnej kwocie [&hellip;]<\/p>\n","protected":false},"author":2,"featured_media":0,"parent":49,"menu_order":0,"comment_status":"closed","ping_status":"closed","template":"","meta":{"footnotes":""},"class_list":["post-367","page","type-page","status-publish","hentry"],"_links":{"self":[{"href":"https:\/\/horyzontywyobrazni.pl\/index.php\/wp-json\/wp\/v2\/pages\/367","targetHints":{"allow":["GET"]}}],"collection":[{"href":"https:\/\/horyzontywyobrazni.pl\/index.php\/wp-json\/wp\/v2\/pages"}],"about":[{"href":"https:\/\/horyzontywyobrazni.pl\/index.php\/wp-json\/wp\/v2\/types\/page"}],"author":[{"embeddable":true,"href":"https:\/\/horyzontywyobrazni.pl\/index.php\/wp-json\/wp\/v2\/users\/2"}],"replies":[{"embeddable":true,"href":"https:\/\/horyzontywyobrazni.pl\/index.php\/wp-json\/wp\/v2\/comments?post=367"}],"version-history":[{"count":31,"href":"https:\/\/horyzontywyobrazni.pl\/index.php\/wp-json\/wp\/v2\/pages\/367\/revisions"}],"predecessor-version":[{"id":880,"href":"https:\/\/horyzontywyobrazni.pl\/index.php\/wp-json\/wp\/v2\/pages\/367\/revisions\/880"}],"up":[{"embeddable":true,"href":"https:\/\/horyzontywyobrazni.pl\/index.php\/wp-json\/wp\/v2\/pages\/49"}],"wp:attachment":[{"href":"https:\/\/horyzontywyobrazni.pl\/index.php\/wp-json\/wp\/v2\/media?parent=367"}],"curies":[{"name":"wp","href":"https:\/\/api.w.org\/{rel}","templated":true}]}}