{"id":51,"date":"2022-04-15T12:06:39","date_gmt":"2022-04-15T12:06:39","guid":{"rendered":"https:\/\/horyzontywyobrazni.pl\/blog\/?page_id=51"},"modified":"2022-05-06T15:55:13","modified_gmt":"2022-05-06T15:55:13","slug":"cele","status":"publish","type":"page","link":"https:\/\/horyzontywyobrazni.pl\/index.php\/aleja\/cele\/","title":{"rendered":"Cele i ich realizacja"},"content":{"rendered":"\n<p><a>CELE STATUTOWE FUNDACJI:<\/a><\/p>\n\n\n\n<ol class=\"wp-block-list\" type=\"1\"><li>Upowszechnianie idei edukacji opartej na prawach dziecka do wolno\u015bci, do szacunku i\u00a0do decyzyjno\u015bci odno\u015bnie do w\u0142asnej \u015bcie\u017cki rozwoju.<\/li><li>Niesienie specjalistycznej pomocy dzieciom i m\u0142odzie\u017cy z zaburzeniami w rozwoju oraz ich rodzinom.<\/li><li>Dzia\u0142alno\u015b\u0107 opieku\u0144czo-wychowawcza oraz wspieranie i pomoc rodzinom.<\/li><li>Dzia\u0142alno\u015b\u0107 pomocowa, charytatywna i wychowawcza na rzecz os\u00f3b wykluczonych lub zagro\u017conych wykluczeniem spo\u0142ecznym.<\/li><li>Promowanie szacunku i r\u00f3wnych praw w relacjach mi\u0119dzyludzkich, zw\u0142aszcza rodzicielskich, mi\u0119dzypokoleniowych, mi\u0119dzykulturowych oraz wewn\u0105trzszkolnych.<\/li><li>Wspieranie i prowadzenie inicjatyw o charakterze zdrowotnym, edukacyjnym,\u00a0\u00a0pedagogicznym, terapeutycznym, informacyjnym, charytatywnym i naukowym w\u00a0szczeg\u00f3lno\u015bci odnosz\u0105cych si\u0119 do edukacji przedszkolnej i szkolnej.<\/li><li>Dzia\u0142ania wspieraj\u0105ce badania naukowe, edukacj\u0119 i rozw\u00f3j nauki zwi\u0105zanej w\u00a0szczeg\u00f3lno\u015bci z\u00a0tematyk\u0105 wolnej i alternatywnej edukacji oraz z tematyk\u0105 autyzmu i\u00a0innych zaburze\u0144.<\/li><\/ol>\n\n\n\n<p>Fundacja realizuje swoje cele wszystkimi dost\u0119pnymi \u015brodkami a w szczeg\u00f3lno\u015bci poprzez:&nbsp;<\/p>\n\n\n\n<ol class=\"wp-block-list\" type=\"1\"><li>Tworzenie, prowadzenie oraz wspieranie szk\u00f3\u0142, przedszkoli, \u015bwietlic oraz innych plac\u00f3wek o\u015bwiatowych i&nbsp;podmiot\u00f3w gospodarczych wpisuj\u0105cych si\u0119 w za\u0142o\u017cenia Fundacji.<\/li><li>Inicjowanie, prowadzenie i wspieranie aktywno\u015bci badawczo-edukacyjnych realizuj\u0105cych cele Fundacji (m.in. warsztat\u00f3w, konferencji, sympozj\u00f3w, bada\u0144, publikacji itp.).<\/li><li>Wspieranie kszta\u0142cenia i doskonalenia kadry pedagogicznej oraz wszystkich os\u00f3b pracuj\u0105cych zawodowo lub spo\u0142ecznie z dzie\u0107mi i m\u0142odzie\u017c\u0105.<\/li><li>Aktywizowanie \u015brodowisk o\u015bwiatowych, naukowych, kulturalnych wok\u00f3\u0142 cel\u00f3w Fundacji.<\/li><li>Finansowanie zakup\u00f3w materia\u0142\u00f3w edukacyjnych i popularnonaukowych, dydaktycznych, audiowizualnych, narz\u0119dzi teleinformatycznych oraz podobnych us\u0142ug i rozwi\u0105za\u0144 pomocnych w&nbsp;realizacji cel\u00f3w Fundacji.<\/li><li>Wsp\u00f3\u0142prac\u0119 z krajowymi i zagranicznymi instytucjami dzia\u0142aj\u0105cymi w zakresie obj\u0119tym celem Fundacji \u2013 w szczeg\u00f3lno\u015bci z innymi fundacjami i stowarzyszeniami, z&nbsp;uczelniami wy\u017cszymi oraz z osobami fizycznymi wykazuj\u0105cymi zainteresowanie celami Fundacji.<\/li><li>Dzia\u0142ania profilaktyczne, terapeutyczne i edukacyjne dla os\u00f3b z ca\u0142o\u015bciowymi zaburzeniami rozwoju oraz ich rodzin.<\/li><li>Inne formy dzia\u0142alno\u015bci s\u0142u\u017c\u0105ce realizacji cel\u00f3w statutowych.<\/li><\/ol>\n","protected":false},"excerpt":{"rendered":"<p>CELE STATUTOWE FUNDACJI: Upowszechnianie idei edukacji opartej na prawach dziecka do wolno\u015bci, do szacunku i\u00a0do decyzyjno\u015bci odno\u015bnie do w\u0142asnej \u015bcie\u017cki rozwoju. Niesienie specjalistycznej pomocy dzieciom i m\u0142odzie\u017cy z zaburzeniami w rozwoju oraz ich rodzinom. Dzia\u0142alno\u015b\u0107 opieku\u0144czo-wychowawcza oraz wspieranie i pomoc rodzinom. Dzia\u0142alno\u015b\u0107 pomocowa, charytatywna i wychowawcza na rzecz os\u00f3b wykluczonych lub zagro\u017conych wykluczeniem spo\u0142ecznym. Promowanie [&hellip;]<\/p>\n","protected":false},"author":2,"featured_media":0,"parent":2,"menu_order":1,"comment_status":"closed","ping_status":"closed","template":"","meta":{"footnotes":""},"class_list":["post-51","page","type-page","status-publish","hentry"],"_links":{"self":[{"href":"https:\/\/horyzontywyobrazni.pl\/index.php\/wp-json\/wp\/v2\/pages\/51","targetHints":{"allow":["GET"]}}],"collection":[{"href":"https:\/\/horyzontywyobrazni.pl\/index.php\/wp-json\/wp\/v2\/pages"}],"about":[{"href":"https:\/\/horyzontywyobrazni.pl\/index.php\/wp-json\/wp\/v2\/types\/page"}],"author":[{"embeddable":true,"href":"https:\/\/horyzontywyobrazni.pl\/index.php\/wp-json\/wp\/v2\/users\/2"}],"replies":[{"embeddable":true,"href":"https:\/\/horyzontywyobrazni.pl\/index.php\/wp-json\/wp\/v2\/comments?post=51"}],"version-history":[{"count":5,"href":"https:\/\/horyzontywyobrazni.pl\/index.php\/wp-json\/wp\/v2\/pages\/51\/revisions"}],"predecessor-version":[{"id":585,"href":"https:\/\/horyzontywyobrazni.pl\/index.php\/wp-json\/wp\/v2\/pages\/51\/revisions\/585"}],"up":[{"embeddable":true,"href":"https:\/\/horyzontywyobrazni.pl\/index.php\/wp-json\/wp\/v2\/pages\/2"}],"wp:attachment":[{"href":"https:\/\/horyzontywyobrazni.pl\/index.php\/wp-json\/wp\/v2\/media?parent=51"}],"curies":[{"name":"wp","href":"https:\/\/api.w.org\/{rel}","templated":true}]}}