{"id":72,"date":"2022-04-20T10:26:05","date_gmt":"2022-04-20T08:26:05","guid":{"rendered":"https:\/\/horyzontywyobrazni.pl\/blog\/?page_id=72"},"modified":"2022-05-10T10:48:21","modified_gmt":"2022-05-10T08:48:21","slug":"pp-onas","status":"publish","type":"page","link":"https:\/\/horyzontywyobrazni.pl\/index.php\/pp\/pp-onas\/","title":{"rendered":"O nas"},"content":{"rendered":"\n<p><strong>Niepubliczny Punkt Przedszkolny \u201eHoryzonty Wyobra\u017ani\u201d<\/strong><\/p>\n\n\n\n<p class=\"has-tertiary-background-color has-background\">Skoro tu jeste\u015b to zapewne szukasz miejsca dla swojego dziecka i chcia\u0142by\u015b dowiedzie\u0107 si\u0119 czego\u015b wi\u0119cej.  <br><br>Zanim jednak przeczytasz o tym konkretnym projekcie \u2013 zapraszamy do zapoznania si\u0119 z tym, jakie s\u0105 nasze <a href=\"https:\/\/horyzontywyobrazni.pl\/index.php\/aleja\/glowne-zalozenia-edukacji\/\" target=\"_blank\" rel=\"noreferrer noopener\">g\u0142\u00f3wne za\u0142o\u017cenia edukacji<\/a>.<\/p>\n\n\n\n<p>W ramach aktywno\u015bci Niepublicznego Punktu Przedszkolnego &#8222;Horyzonty Wyobra\u017ani&#8221; fundacja AleJa zapewnia codzienn\u0105 opiek\u0119 oraz zaj\u0119cia edukacyjne dla maksymalnie 25 dzieci w wieku 3-6 lat.&nbsp;<br>Dzia\u0142amy od poniedzia\u0142ku do pi\u0105tku w godzinach 7:30 \u2013 17:00.<br><br>Wa\u017cny jest dla nas indywidualny rozw\u00f3j dziecka, jego zainteresowania, pasje, predyspozycje \u2013 pod\u0105\u017camy za dzie\u0107mi, aby razem z nimi odkrywa\u0107 otaczaj\u0105cy nas&nbsp;\u015bwiat. Regu\u0142y wsp\u00f3\u0142dzia\u0142ania wypracowujemy wsp\u00f3lnie, dbaj\u0105c o nasze bezpiecze\u0144stwo, nasze granice i przekonania. Nie stosujemy nagr\u00f3d ani kar \u2013 dajemy sobie prawo do pope\u0142niania b\u0142\u0119d\u00f3w, cieszymy si\u0119&nbsp;z sukces\u00f3w, wierzymy przy tym w&nbsp;niesamowit\u0105&nbsp;moc motywacji wewn\u0119trznej, nie za\u015b&nbsp;zewn\u0119trznej.<\/p>\n\n\n\n<div class=\"wp-block-media-text alignwide is-stacked-on-mobile is-vertically-aligned-center has-background\" style=\"background-color:#fffdea;grid-template-columns:55% auto\"><figure class=\"wp-block-media-text__media\"><img loading=\"lazy\" decoding=\"async\" width=\"768\" height=\"1024\" src=\"http:\/\/horyzontywyobrazni.pl\/blog\/wp-content\/uploads\/2022\/04\/AA7A572A-26D8-47E1-905F-63870A43637D-768x1024.jpeg\" alt=\"\" class=\"wp-image-281 size-full\" srcset=\"https:\/\/horyzontywyobrazni.pl\/wp-content\/uploads\/2022\/04\/AA7A572A-26D8-47E1-905F-63870A43637D-768x1024.jpeg 768w, https:\/\/horyzontywyobrazni.pl\/wp-content\/uploads\/2022\/04\/AA7A572A-26D8-47E1-905F-63870A43637D-225x300.jpeg 225w, https:\/\/horyzontywyobrazni.pl\/wp-content\/uploads\/2022\/04\/AA7A572A-26D8-47E1-905F-63870A43637D-1152x1536.jpeg 1152w, https:\/\/horyzontywyobrazni.pl\/wp-content\/uploads\/2022\/04\/AA7A572A-26D8-47E1-905F-63870A43637D.jpeg 1536w\" sizes=\"auto, (max-width: 768px) 100vw, 768px\" \/><\/figure><div class=\"wp-block-media-text__content\">\n<div class=\"wp-block-group is-layout-flow wp-block-group-is-layout-flow\" style=\"padding-top:2em;padding-right:2em;padding-bottom:2em;padding-left:2em\">\n<p style=\"line-height:1.2\"><strong><strong><em>\u201eSzcz\u0119\u015bcie dziecka nie jest jedynym celem, do kt\u00f3rego d\u0105\u017cymy; chcemy tak\u017ce by dziecko stawa\u0142o si\u0119 budowniczym samego siebie\u2026&#8221;<\/em><\/strong><\/strong><\/p>\n\n\n\n<p>\u2013 Maria Montessorii <\/p>\n<\/div>\n<\/div><\/div>\n\n\n\n<div style=\"height:70px\" aria-hidden=\"true\" class=\"wp-block-spacer\"><\/div>\n\n\n\n<p>Bardzo lubimy sp\u0119dza\u0107 czas na dworze, nie tylko na okolicznych placach zabaw, ale tak\u017ce spaceruj\u0105c po parku, czy te\u017c skacz\u0105c przez ka\u0142u\u017ce. <\/p>\n\n\n\n<p>Ju\u017c od najm\u0142odszych lat wdra\u017camy si\u0119 do samodzielno\u015bci i decyzyjno\u015bci. Wprawdzie mamy ramowy plan dnia oraz lubimy rytmy i rytua\u0142y, ale cenimy r\u00f3wnie\u017c indywidualno\u015b\u0107 i to, \u017ce ka\u017cdy z nas potrzebuje i wybiera czasem co\u015b innego. Wszelkie zaj\u0119cia s\u0105 propozycj\u0105, z kt\u00f3rej mo\u017cna skorzysta\u0107. Pory posi\u0142k\u00f3w s\u0105 jedynie zaproszeniem \u2013 ka\u017cdy sam decyduje, czy i kiedy jest g\u0142odny. Nie zawsze jednak mo\u017cna robi\u0107 wszystko co si\u0119 chce, ale zawsze mo\u017cna o tym powiedzie\u0107 i porozmawia\u0107. Wa\u017cne jest dla nas, by dzieci czu\u0142y si\u0119 bezpieczne, us\u0142yszane i wzi\u0119te pod uwag\u0119. <\/p>\n\n\n\n<figure class=\"wp-block-pullquote\"><blockquote><p>\u201eWolno\u015b\u0107 cz\u0142owieka ko\u0144czy si\u0119 tam, gdzie zaczyna si\u0119 wolno\u015b\u0107 drugiego cz\u0142owieka.\u201c<\/p><cite>Alexis de Tocqueville<\/cite><\/blockquote><\/figure>\n\n\n\n<p>Dzieci same decyduj\u0105 o sobie. To bardzo wa\u017cne. Uczymy si\u0119 r\u00f3wnie\u017c przy tym uwzgl\u0119dnia\u0107 innych, wsp\u00f3\u0142dzia\u0142a\u0107 w grupie, stawia\u0107 w\u0142asne granice ale te\u017c dostrzega\u0107 i szanowa\u0107 granice innych os\u00f3b. W relacjach z dzie\u0107mi stawiamy na autentyczn\u0105 i szczer\u0105 relacj\u0119.<\/p>\n\n\n\n<div style=\"height:50px\" aria-hidden=\"true\" class=\"wp-block-spacer\"><\/div>\n","protected":false},"excerpt":{"rendered":"<p>Niepubliczny Punkt Przedszkolny \u201eHoryzonty Wyobra\u017ani\u201d Skoro tu jeste\u015b to zapewne szukasz miejsca dla swojego dziecka i chcia\u0142by\u015b dowiedzie\u0107 si\u0119 czego\u015b wi\u0119cej. Zanim jednak przeczytasz o tym konkretnym projekcie \u2013 zapraszamy do zapoznania si\u0119 z tym, jakie s\u0105 nasze g\u0142\u00f3wne za\u0142o\u017cenia edukacji. W ramach aktywno\u015bci Niepublicznego Punktu Przedszkolnego &#8222;Horyzonty Wyobra\u017ani&#8221; fundacja AleJa zapewnia codzienn\u0105 opiek\u0119 oraz [&hellip;]<\/p>\n","protected":false},"author":2,"featured_media":0,"parent":26,"menu_order":-1,"comment_status":"closed","ping_status":"closed","template":"","meta":{"footnotes":""},"class_list":["post-72","page","type-page","status-publish","hentry"],"_links":{"self":[{"href":"https:\/\/horyzontywyobrazni.pl\/index.php\/wp-json\/wp\/v2\/pages\/72","targetHints":{"allow":["GET"]}}],"collection":[{"href":"https:\/\/horyzontywyobrazni.pl\/index.php\/wp-json\/wp\/v2\/pages"}],"about":[{"href":"https:\/\/horyzontywyobrazni.pl\/index.php\/wp-json\/wp\/v2\/types\/page"}],"author":[{"embeddable":true,"href":"https:\/\/horyzontywyobrazni.pl\/index.php\/wp-json\/wp\/v2\/users\/2"}],"replies":[{"embeddable":true,"href":"https:\/\/horyzontywyobrazni.pl\/index.php\/wp-json\/wp\/v2\/comments?post=72"}],"version-history":[{"count":17,"href":"https:\/\/horyzontywyobrazni.pl\/index.php\/wp-json\/wp\/v2\/pages\/72\/revisions"}],"predecessor-version":[{"id":716,"href":"https:\/\/horyzontywyobrazni.pl\/index.php\/wp-json\/wp\/v2\/pages\/72\/revisions\/716"}],"up":[{"embeddable":true,"href":"https:\/\/horyzontywyobrazni.pl\/index.php\/wp-json\/wp\/v2\/pages\/26"}],"wp:attachment":[{"href":"https:\/\/horyzontywyobrazni.pl\/index.php\/wp-json\/wp\/v2\/media?parent=72"}],"curies":[{"name":"wp","href":"https:\/\/api.w.org\/{rel}","templated":true}]}}