{"id":74,"date":"2022-04-20T10:26:30","date_gmt":"2022-04-20T10:26:30","guid":{"rendered":"https:\/\/horyzontywyobrazni.pl\/blog\/?page_id=74"},"modified":"2024-06-26T15:05:24","modified_gmt":"2024-06-26T13:05:24","slug":"jak-wyglada-nasz-dzien","status":"publish","type":"page","link":"https:\/\/horyzontywyobrazni.pl\/index.php\/pp\/jak-wyglada-nasz-dzien\/","title":{"rendered":"Jak wygl\u0105da nasz dzie\u0144?"},"content":{"rendered":"\n<div class=\"wp-block-group is-layout-flow wp-block-group-is-layout-flow\">\n<div class=\"wp-block-group has-border-color has-background-border-color has-tertiary-background-color has-background is-layout-flow wp-block-group-is-layout-flow\" style=\"border-style:solid;border-radius:15px\">\n<div style=\"height:20px\" aria-hidden=\"true\" class=\"wp-block-spacer\"><\/div>\n\n\n\n<p class=\"has-text-align-center\">Pracujemy wed\u0142ug tygodniowego planu zaj\u0119\u0107, do kt\u00f3rego podchodzimy ze spor\u0105 doz\u0105 elastyczno\u015bci, co sprawia, \u017ce ka\u017cdy nasz dzie\u0144  wygl\u0105da troch\u0119 inaczej. <br><br>Na pocz\u0105tku nowego roku szkolnego wybieramy jeden, sta\u0142y dzie\u0144 tygodnia przeznaczony na ca\u0142odniowe wycieczki. <br><\/p>\n\n\n\n<div class=\"wp-block-media-text alignwide has-media-on-the-right is-stacked-on-mobile\" style=\"grid-template-columns:auto 37%\"><div class=\"wp-block-media-text__content\">\n<p>Ka\u017cdego roku trwaj\u0105 u nas projekty <em>&#8222;w kultur\u0119&#8221; <\/em>oraz<br> &#8222;w natur\u0119&#8221; &#8211; dzi\u0119ki czemu odwiedzamy m.in. muzea, teatry i wystawy oraz buszujemy we wroc\u0142awskich parkach i lasach.<\/p>\n<\/div><figure class=\"wp-block-media-text__media\"><img loading=\"lazy\" decoding=\"async\" width=\"1024\" height=\"768\" src=\"http:\/\/horyzontywyobrazni.pl\/blog\/wp-content\/uploads\/2022\/04\/389E0251-1E79-44F5-90D1-164A837A2368-1024x768.jpeg\" alt=\"\" class=\"wp-image-282 size-full\" srcset=\"https:\/\/horyzontywyobrazni.pl\/wp-content\/uploads\/2022\/04\/389E0251-1E79-44F5-90D1-164A837A2368-1024x768.jpeg 1024w, https:\/\/horyzontywyobrazni.pl\/wp-content\/uploads\/2022\/04\/389E0251-1E79-44F5-90D1-164A837A2368-300x225.jpeg 300w, https:\/\/horyzontywyobrazni.pl\/wp-content\/uploads\/2022\/04\/389E0251-1E79-44F5-90D1-164A837A2368-768x576.jpeg 768w, https:\/\/horyzontywyobrazni.pl\/wp-content\/uploads\/2022\/04\/389E0251-1E79-44F5-90D1-164A837A2368-1536x1152.jpeg 1536w, https:\/\/horyzontywyobrazni.pl\/wp-content\/uploads\/2022\/04\/389E0251-1E79-44F5-90D1-164A837A2368.jpeg 2048w\" sizes=\"auto, (max-width: 1024px) 100vw, 1024px\" \/><\/figure><\/div>\n\n\n\n<div style=\"height:70px\" aria-hidden=\"true\" class=\"wp-block-spacer\"><\/div>\n\n\n\n<hr class=\"wp-block-separator has-css-opacity is-style-wide\"\/>\n\n\n\n<p class=\"has-text-align-center\">Przyk\u0142adowy harmonogram dnia:<\/p>\n\n\n\n<hr class=\"wp-block-separator has-css-opacity is-style-wide\"\/>\n\n\n\n<p class=\"has-text-align-center has-foreground-color has-text-color\"><br>7:30 \u2013 9:30 <\/p>\n\n\n\n<ul class=\"wp-block-list\">\n<li>przyj\u015bcie do przedszkola<br>niezorganizowane zabawy, osadzanie si\u0119 w rozpoczynaj\u0105cym si\u0119 dniu <\/li>\n<\/ul>\n\n\n\n<p class=\"has-text-align-center\">9:30 \u2013 10:00<\/p>\n\n\n\n<ul class=\"wp-block-list\">\n<li>poranna narada &#8211; czyli wsp\u00f3lne tworzenie planu dnia, przywitanie si\u0119 w kr\u0119gu i zapraszanie dzieci na zorganizowane zaj\u0119cia<\/li>\n\n\n\n<li>\u015bniadanie<\/li>\n<\/ul>\n\n\n\n<p class=\"has-text-align-center\">10:00 \u2013 13:00<\/p>\n\n\n\n<ul class=\"wp-block-list\">\n<li>zaj\u0119cia zorganizowane \/ wyj\u015bcie na dw\u00f3r<\/li>\n\n\n\n<li>drugie \u015bniadanie<\/li>\n\n\n\n<li>w tym czasie odbywaj\u0105 si\u0119 te\u017c kr\u0119gi urodzinowe<\/li>\n<\/ul>\n\n\n\n<p class=\"has-text-align-center\">13:00 \u2013 14:00<\/p>\n\n\n\n<ul class=\"wp-block-list\">\n<li>obiad <\/li>\n<\/ul>\n\n\n\n<p class=\"has-text-align-center\">14:00 \u2013 15:30<\/p>\n\n\n\n<ul class=\"wp-block-list\">\n<li>zaj\u0119cia zorganizowane \/ wyj\u015bcie na dw\u00f3r<\/li>\n\n\n\n<li>podwieczorek<\/li>\n\n\n\n<li>odpoczynek \/ wyciszanki \/ czytanie ksi\u0105\u017cek<\/li>\n<\/ul>\n\n\n\n<p class=\"has-text-align-center\">15:30 \u2013 17:00<\/p>\n\n\n\n<ul class=\"wp-block-list\">\n<li>czas swobodnych zabaw<\/li>\n\n\n\n<li>wsp\u00f3lne sprz\u0105tanie sal<\/li>\n\n\n\n<li>odbieranie dzieci <\/li>\n<\/ul>\n\n\n\n<p><\/p>\n<\/div>\n<\/div>\n\n\n\n<p><\/p>\n","protected":false},"excerpt":{"rendered":"<p>Pracujemy wed\u0142ug tygodniowego planu zaj\u0119\u0107, do kt\u00f3rego podchodzimy ze spor\u0105 doz\u0105 elastyczno\u015bci, co sprawia, \u017ce ka\u017cdy nasz dzie\u0144 wygl\u0105da troch\u0119 inaczej. Na pocz\u0105tku nowego roku szkolnego wybieramy jeden, sta\u0142y dzie\u0144 tygodnia przeznaczony na ca\u0142odniowe wycieczki. Ka\u017cdego roku trwaj\u0105 u nas projekty &#8222;w kultur\u0119&#8221; oraz &#8222;w natur\u0119&#8221; &#8211; dzi\u0119ki czemu odwiedzamy m.in. muzea, teatry i wystawy [&hellip;]<\/p>\n","protected":false},"author":2,"featured_media":0,"parent":26,"menu_order":2,"comment_status":"closed","ping_status":"closed","template":"","meta":{"footnotes":""},"class_list":["post-74","page","type-page","status-publish","hentry"],"_links":{"self":[{"href":"https:\/\/horyzontywyobrazni.pl\/index.php\/wp-json\/wp\/v2\/pages\/74","targetHints":{"allow":["GET"]}}],"collection":[{"href":"https:\/\/horyzontywyobrazni.pl\/index.php\/wp-json\/wp\/v2\/pages"}],"about":[{"href":"https:\/\/horyzontywyobrazni.pl\/index.php\/wp-json\/wp\/v2\/types\/page"}],"author":[{"embeddable":true,"href":"https:\/\/horyzontywyobrazni.pl\/index.php\/wp-json\/wp\/v2\/users\/2"}],"replies":[{"embeddable":true,"href":"https:\/\/horyzontywyobrazni.pl\/index.php\/wp-json\/wp\/v2\/comments?post=74"}],"version-history":[{"count":19,"href":"https:\/\/horyzontywyobrazni.pl\/index.php\/wp-json\/wp\/v2\/pages\/74\/revisions"}],"predecessor-version":[{"id":823,"href":"https:\/\/horyzontywyobrazni.pl\/index.php\/wp-json\/wp\/v2\/pages\/74\/revisions\/823"}],"up":[{"embeddable":true,"href":"https:\/\/horyzontywyobrazni.pl\/index.php\/wp-json\/wp\/v2\/pages\/26"}],"wp:attachment":[{"href":"https:\/\/horyzontywyobrazni.pl\/index.php\/wp-json\/wp\/v2\/media?parent=74"}],"curies":[{"name":"wp","href":"https:\/\/api.w.org\/{rel}","templated":true}]}}