{"id":78,"date":"2022-04-20T10:27:11","date_gmt":"2022-04-20T10:27:11","guid":{"rendered":"https:\/\/horyzontywyobrazni.pl\/blog\/?page_id=78"},"modified":"2026-03-25T20:45:39","modified_gmt":"2026-03-25T19:45:39","slug":"oplaty","status":"publish","type":"page","link":"https:\/\/horyzontywyobrazni.pl\/index.php\/pp\/oplaty\/","title":{"rendered":"Op\u0142aty"},"content":{"rendered":"\n<p class=\"has-tertiary-background-color has-background\">\u2022 Op\u0142ata sta\u0142a (czesne) za punkt przedszkolny od wrze\u015bnia 2026 wynosi\u00a0<strong>1900\u00a0<\/strong>z\u0142 <br><br>\u2022 Jednorazowa op\u0142ata rekrutacyjna <strong>1500 <\/strong>z\u0142<br><\/p>\n\n\n\n<p>Wy\u017cywienie:<\/p>\n\n\n\n<p>Obiady (zupa i drugie danie) mo\u017cna wykupi\u0107 we wsp\u00f3\u0142pracuj\u0105cej z nami od lat firmie cateringowej <a rel=\"noreferrer noopener\" href=\"https:\/\/pl-pl.facebook.com\/czarnetermosy\/\" target=\"_blank\">Czarne Termosy<\/a>, specjalizuj\u0105cej si\u0119 w zdrowym \u017cywieniu ze \u015bwie\u017cych sk\u0142adnik\u00f3w.  Istnieje mo\u017cliwo\u015b\u0107 zam\u00f3wienia posi\u0142k\u00f3w z uwzgl\u0119dnieniem diet: wegetaria\u0144skiej, bezmlecznej i bezglutenowej.<\/p>\n\n\n\n<p class=\"has-foreground-color has-text-color\">\u015aniadania i podwieczorki dzieci przynosz\u0105 we w\u0142asnym zakresie. <br><\/p>\n\n\n\n<p><\/p>\n","protected":false},"excerpt":{"rendered":"<p>\u2022 Op\u0142ata sta\u0142a (czesne) za punkt przedszkolny od wrze\u015bnia 2026 wynosi\u00a01900\u00a0z\u0142 \u2022 Jednorazowa op\u0142ata rekrutacyjna 1500 z\u0142 Wy\u017cywienie: Obiady (zupa i drugie danie) mo\u017cna wykupi\u0107 we wsp\u00f3\u0142pracuj\u0105cej z nami od lat firmie cateringowej Czarne Termosy, specjalizuj\u0105cej si\u0119 w zdrowym \u017cywieniu ze \u015bwie\u017cych sk\u0142adnik\u00f3w. Istnieje mo\u017cliwo\u015b\u0107 zam\u00f3wienia posi\u0142k\u00f3w z uwzgl\u0119dnieniem diet: wegetaria\u0144skiej, bezmlecznej i bezglutenowej. \u015aniadania [&hellip;]<\/p>\n","protected":false},"author":2,"featured_media":0,"parent":26,"menu_order":4,"comment_status":"closed","ping_status":"closed","template":"","meta":{"footnotes":""},"class_list":["post-78","page","type-page","status-publish","hentry"],"_links":{"self":[{"href":"https:\/\/horyzontywyobrazni.pl\/index.php\/wp-json\/wp\/v2\/pages\/78","targetHints":{"allow":["GET"]}}],"collection":[{"href":"https:\/\/horyzontywyobrazni.pl\/index.php\/wp-json\/wp\/v2\/pages"}],"about":[{"href":"https:\/\/horyzontywyobrazni.pl\/index.php\/wp-json\/wp\/v2\/types\/page"}],"author":[{"embeddable":true,"href":"https:\/\/horyzontywyobrazni.pl\/index.php\/wp-json\/wp\/v2\/users\/2"}],"replies":[{"embeddable":true,"href":"https:\/\/horyzontywyobrazni.pl\/index.php\/wp-json\/wp\/v2\/comments?post=78"}],"version-history":[{"count":14,"href":"https:\/\/horyzontywyobrazni.pl\/index.php\/wp-json\/wp\/v2\/pages\/78\/revisions"}],"predecessor-version":[{"id":868,"href":"https:\/\/horyzontywyobrazni.pl\/index.php\/wp-json\/wp\/v2\/pages\/78\/revisions\/868"}],"up":[{"embeddable":true,"href":"https:\/\/horyzontywyobrazni.pl\/index.php\/wp-json\/wp\/v2\/pages\/26"}],"wp:attachment":[{"href":"https:\/\/horyzontywyobrazni.pl\/index.php\/wp-json\/wp\/v2\/media?parent=78"}],"curies":[{"name":"wp","href":"https:\/\/api.w.org\/{rel}","templated":true}]}}